{"id":61,"date":"2021-02-16T17:45:43","date_gmt":"2021-02-16T15:45:43","guid":{"rendered":"http:\/\/sorangeli.ro\/?page_id=61"},"modified":"2021-02-26T09:42:01","modified_gmt":"2021-02-26T07:42:01","slug":"ce-facem","status":"publish","type":"page","link":"https:\/\/sorangeli.ro\/en\/ce-facem\/","title":{"rendered":"What We Do"},"content":{"rendered":"<p class=\"has-large-font-size\">What We Do<\/p>\n\n\n\n<p>Activit\u0103\u021bile companiei sunt \u00eemp\u0103r\u021bite pe diverse domenii, baz\u00e2ndu-se \u00een mare m\u0103sur\u0103 pe crearea de re\u021bele \u0219i cooperarea cu parteneri transna\u021bionali. Printre activit\u0103\u021bile desf\u0103\u0219urate se num\u0103r\u0103:<\/p>\n\n\n\n<ul><li>Consultancy in accessing financing for different partners, public and private, national and transnational;<\/li><li>Planning, writing and implementation of European-funded projects;<\/li><li>Market studies, promotion activities, and business planning;<\/li><li>Supporting the implementation of various projects for young people in Romania.<\/li><\/ul>\n\n\n\n<p>During the last years, the company developed a number of activities related to identifying, attracting, and implementing different European financing instruments and worked with several categories of beneficiaries - youth, job-seekers, disadvantaged groups, young graduates, migrants etc.<\/p>\n\n\n\n<p>Moreover, Sorangeli Trans has a relevant experience in project planning and implementation, personnel with certified experience in developing activities in areas like consultancy, project management, training, market studies, and data processing.<\/p>","protected":false},"excerpt":{"rendered":"<p>Ce facem Activit\u0103\u021bile companiei sunt \u00eemp\u0103r\u021bite pe diverse domenii, baz\u00e2ndu-se \u00een mare m\u0103sur\u0103 pe crearea de re\u021bele \u0219i cooperarea cu parteneri transna\u021bionali. Printre activit\u0103\u021bile desf\u0103\u0219urate se num\u0103r\u0103: Consultan\u021b\u0103 pentru accesare de finan\u021b\u0103ri pentru diferi\u021bi parteneri, publici \u0219i priva\u021bi, na\u021bionali \u0219i &hellip; <\/p>","protected":false},"author":1,"featured_media":0,"parent":0,"menu_order":0,"comment_status":"closed","ping_status":"closed","template":"","meta":[],"_links":{"self":[{"href":"https:\/\/sorangeli.ro\/en\/wp-json\/wp\/v2\/pages\/61"}],"collection":[{"href":"https:\/\/sorangeli.ro\/en\/wp-json\/wp\/v2\/pages"}],"about":[{"href":"https:\/\/sorangeli.ro\/en\/wp-json\/wp\/v2\/types\/page"}],"author":[{"embeddable":true,"href":"https:\/\/sorangeli.ro\/en\/wp-json\/wp\/v2\/users\/1"}],"replies":[{"embeddable":true,"href":"https:\/\/sorangeli.ro\/en\/wp-json\/wp\/v2\/comments?post=61"}],"version-history":[{"count":2,"href":"https:\/\/sorangeli.ro\/en\/wp-json\/wp\/v2\/pages\/61\/revisions"}],"predecessor-version":[{"id":120,"href":"https:\/\/sorangeli.ro\/en\/wp-json\/wp\/v2\/pages\/61\/revisions\/120"}],"wp:attachment":[{"href":"https:\/\/sorangeli.ro\/en\/wp-json\/wp\/v2\/media?parent=61"}],"curies":[{"name":"wp","href":"https:\/\/api.w.org\/{rel}","templated":true}]}}