{"id":32,"date":"2020-10-21T08:11:20","date_gmt":"2020-10-21T08:11:20","guid":{"rendered":"http:\/\/sorangeli.ro\/?page_id=32"},"modified":"2021-02-26T10:43:21","modified_gmt":"2021-02-26T08:43:21","slug":"cine-suntem","status":"publish","type":"page","link":"http:\/\/sorangeli.ro\/en\/","title":{"rendered":"Home"},"content":{"rendered":"<p class=\"has-large-font-size\">Who We Are<\/p>\n\n\n\n<p>Sorangeli Trans SRL is a Romanian private consultancy company based in Bucharest, established in 2006 with the main objective to deliver technical and organizational assistance to social services providers and to assist other partners in drafting and implementing applications for national grants or European projects.<\/p>\n\n\n\n<p>Also, one of the company\u2019s main goals pertains to identifying new opportunities for funding a large scale of activities, by participating in the elaboration of new projects (financing applications) under various financial mechanisms (Human Capital OP, Norway Grants, Erasmus+, Progress, Daphne).<\/p>\n\n\n\n<p>The company\u2019s objectives have changed over time, focusing more and more on social services activities, support and consultancy in the social assistance field and technical support, especially in national and international development programs.<\/p>\n\n\n\n<p>The organization\u2019s strategy aims to focus its intervention on key sectors, mainly education, employment, social inclusion of disadvantaged categories, school to work-life transition, equal opportunities, entrepreneurship, active civic participation.<\/p>\n\n\n\n<h2><strong>Ongoing Projects<\/strong><\/h2>\n\n\n\n<div class=\"wp-block-image is-style-default\"><figure class=\"alignleft size-large is-resized\"><a href=\"http:\/\/sorangeli.ro\/en\/family-skills\/\"><img loading=\"lazy\" src=\"http:\/\/sorangeli.ro\/wp-content\/uploads\/2021\/02\/Untitled-1.png\" alt=\"\" class=\"wp-image-144\" width=\"112\" height=\"112\" srcset=\"http:\/\/sorangeli.ro\/wp-content\/uploads\/2021\/02\/Untitled-1.png 450w, http:\/\/sorangeli.ro\/wp-content\/uploads\/2021\/02\/Untitled-1-300x300.png 300w, http:\/\/sorangeli.ro\/wp-content\/uploads\/2021\/02\/Untitled-1-150x150.png 150w, http:\/\/sorangeli.ro\/wp-content\/uploads\/2021\/02\/Untitled-1-12x12.png 12w, http:\/\/sorangeli.ro\/wp-content\/uploads\/2021\/02\/Untitled-1-445x444.png 445w, http:\/\/sorangeli.ro\/wp-content\/uploads\/2021\/02\/Untitled-1-275x275.png 275w, http:\/\/sorangeli.ro\/wp-content\/uploads\/2021\/02\/Untitled-1-58x58.png 58w, http:\/\/sorangeli.ro\/wp-content\/uploads\/2021\/02\/Untitled-1-333x333.png 333w\" sizes=\"(max-width: 112px) 100vw, 112px\" \/><\/a><figcaption>is an Erasmus+ project that started in September 2020 and is scheduled to be finalized in April 2023 ...<\/figcaption><\/figure><\/div>\n\n\n\n<div class=\"wp-block-image\"><figure class=\"alignleft size-large is-resized\"><a href=\"http:\/\/sorangeli.ro\/en\/stud-io\/\"><img loading=\"lazy\" src=\"http:\/\/sorangeli.ro\/wp-content\/uploads\/2021\/02\/Logo-1.png\" alt=\"\" class=\"wp-image-93\" width=\"231\" height=\"140\"\/><\/a><figcaption>Sociability Through Urban Design Innovation - is an Erasmus+ ...<\/figcaption><\/figure><\/div>\n\n\n\n<div class=\"wp-block-image\"><figure class=\"alignleft size-large is-resized\"><a href=\"http:\/\/sorangeli.ro\/en\/care\/\"><img loading=\"lazy\" src=\"http:\/\/sorangeli.ro\/wp-content\/uploads\/2021\/02\/BlueBoldtitle2-1024x659.png\" alt=\"\" class=\"wp-image-88\" width=\"256\" height=\"165\" srcset=\"http:\/\/sorangeli.ro\/wp-content\/uploads\/2021\/02\/BlueBoldtitle2-1024x659.png 1024w, http:\/\/sorangeli.ro\/wp-content\/uploads\/2021\/02\/BlueBoldtitle2-300x193.png 300w, http:\/\/sorangeli.ro\/wp-content\/uploads\/2021\/02\/BlueBoldtitle2-768x495.png 768w, http:\/\/sorangeli.ro\/wp-content\/uploads\/2021\/02\/BlueBoldtitle2-1536x989.png 1536w, http:\/\/sorangeli.ro\/wp-content\/uploads\/2021\/02\/BlueBoldtitle2-2048x1319.png 2048w\" sizes=\"(max-width: 256px) 100vw, 256px\" \/><\/a><figcaption>Family Skills is an Erasmus+ project that started in September 2020 and is scheduled to be finalized in April 2023 ...<\/figcaption><\/figure><\/div>","protected":false},"excerpt":{"rendered":"<p>Cine suntem Sorangeli Trans SRL este o companie rom\u00e2neasca de consultan\u021b\u0103 privat\u0103 \u00eenfiin\u021bat\u0103 \u00een 2006, cu sediul \u00een Bucure\u0219ti, av\u00e2nd ca scop principal oferirea de asisten\u021b\u0103 tehnic\u0103 \u0219i organiza\u021bional\u0103 furnizorilor de servicii sociale, precum \u0219i de a asista diferi\u021bi parteneri &hellip; <\/p>","protected":false},"author":1,"featured_media":0,"parent":0,"menu_order":0,"comment_status":"closed","ping_status":"closed","template":"","meta":[],"_links":{"self":[{"href":"http:\/\/sorangeli.ro\/en\/wp-json\/wp\/v2\/pages\/32"}],"collection":[{"href":"http:\/\/sorangeli.ro\/en\/wp-json\/wp\/v2\/pages"}],"about":[{"href":"http:\/\/sorangeli.ro\/en\/wp-json\/wp\/v2\/types\/page"}],"author":[{"embeddable":true,"href":"http:\/\/sorangeli.ro\/en\/wp-json\/wp\/v2\/users\/1"}],"replies":[{"embeddable":true,"href":"http:\/\/sorangeli.ro\/en\/wp-json\/wp\/v2\/comments?post=32"}],"version-history":[{"count":22,"href":"http:\/\/sorangeli.ro\/en\/wp-json\/wp\/v2\/pages\/32\/revisions"}],"predecessor-version":[{"id":150,"href":"http:\/\/sorangeli.ro\/en\/wp-json\/wp\/v2\/pages\/32\/revisions\/150"}],"wp:attachment":[{"href":"http:\/\/sorangeli.ro\/en\/wp-json\/wp\/v2\/media?parent=32"}],"curies":[{"name":"wp","href":"https:\/\/api.w.org\/{rel}","templated":true}]}}